{"id":4314,"date":"2017-06-16T11:42:02","date_gmt":"2017-06-16T11:42:02","guid":{"rendered":"https:\/\/www.lifeprepair.eu\/index.php\/progetto\/"},"modified":"2023-09-12T13:59:59","modified_gmt":"2023-09-12T11:59:59","slug":"progetto","status":"publish","type":"page","link":"https:\/\/www.lifeprepair.eu\/index.php\/progetto\/","title":{"rendered":"PROGETTO"},"content":{"rendered":"<div  class='avia-slideshow av-lcot4vij-33dd6438a7926f1edf3585dc46250aff avia-slideshow-featured av_slideshow avia-slide-slider  avia-builder-el-0  el_before_av_heading  avia-builder-el-first  av-slideshow-ui av-control-default av-slideshow-manual av-loop-once av-loop-manual-endless av-default-height-applied avia-slideshow-1' data-slideshow-options=\"{&quot;animation&quot;:&quot;slide&quot;,&quot;autoplay&quot;:false,&quot;loop_autoplay&quot;:&quot;once&quot;,&quot;interval&quot;:5,&quot;loop_manual&quot;:&quot;manual-endless&quot;,&quot;autoplay_stopper&quot;:false,&quot;noNavigation&quot;:false,&quot;bg_slider&quot;:false,&quot;keep_padding&quot;:false,&quot;hoverpause&quot;:false,&quot;show_slide_delay&quot;:0}\"  itemprop=\"image\" itemscope=\"itemscope\" itemtype=\"https:\/\/schema.org\/ImageObject\" ><ul class='avia-slideshow-inner ' style='padding-bottom: 28.666666666667%;'><li  class='avia-slideshow-slide av-lcot4vij-33dd6438a7926f1edf3585dc46250aff__0  av-single-slide slide-1 slide-odd'><div data-rel='slideshow-1' class='avia-slide-wrap '   ><img decoding=\"async\" class=\"wp-image-3865 avia-img-lazy-loading-not-3865\"  src=\"https:\/\/www.lifeprepair.eu\/wp-content\/uploads\/2017\/05\/1500x630PROJECT-1-1500x430.jpg\" width=\"1500\" height=\"430\" title='1500x630PROJECT' alt=''  itemprop=\"thumbnailUrl\"   \/><\/div><\/li><\/ul><\/div>\n\n<style type=\"text\/css\" data-created_by=\"avia_inline_auto\" id=\"style-css-av-64qzai-ddc47ad6c1a03d956550159e4746d976\">\n#top .av-special-heading.av-64qzai-ddc47ad6c1a03d956550159e4746d976{\npadding-bottom:10px;\n}\nbody .av-special-heading.av-64qzai-ddc47ad6c1a03d956550159e4746d976 .av-special-heading-tag .heading-char{\nfont-size:25px;\n}\n.av-special-heading.av-64qzai-ddc47ad6c1a03d956550159e4746d976 .av-subheading{\nfont-size:15px;\n}\n<\/style>\n<div  class='av-special-heading av-64qzai-ddc47ad6c1a03d956550159e4746d976 av-special-heading-h1 meta-heading  avia-builder-el-1  el_after_av_slideshow  el_before_av_textblock '><h1 class='av-special-heading-tag'  itemprop=\"headline\"  >IL PROGETTO<\/h1><div class=\"special-heading-border\"><div class=\"special-heading-inner-border\"><\/div><\/div><\/div>\n<section  class='av_textblock_section av-3u7fze-c431b66ae1afe34c81ed04bb7b87e9e7'  itemscope=\"itemscope\" itemtype=\"https:\/\/schema.org\/CreativeWork\" ><div class='avia_textblock'  itemprop=\"text\" ><p>Il Bacino del Po rappresenta un\u2019importante area di criticit\u00e0 per la qualit\u00e0 dell\u2019aria (polveri fini, ossidi di azoto, ozono), sin dall\u2019entrata in vigore dei valori limite fissati dall\u2019Unione Europea. Questa zona copre il territorio delle regioni italiane del nord ed include diversi agglomerati urbani quali Milano, Bologna e Torino. L\u2019area \u00e8 densamente popolata ed intensamente industrializzata. Tonnellate di ossidi di azoto, polveri e ammoniaca sono emesse ogni anno in atmosfera da un\u2019ampia variet\u00e0 di sorgenti inquinanti principalmente legate al traffico, al riscaldamento domestico, all\u2019industria, alla produzione di energia. Un importante contributo \u00e8 inoltre dovuto all\u2019ammoniaca, principalmente prodotta da fertilizzanti ed attivit\u00e0 agricole e di allevamento. A causa delle condizioni meteo climatiche e delle caratteristiche morfologiche del Bacino, le concentrazioni di fondo rurale degli inquinanti sono spesso alte e una larga parte del particolato atmosferico ha origini secondarie.<br \/>\nAl fine di ridurre i livelli di inquinamento atmosferico, le regioni hanno istituito il Tavolo di Bacino Padano ed hanno pianificato azioni comuni con lo scopo di limitare le emissioni nei prossimi anni. La necessit\u00e0 di azioni coordinate ha portato le amministrazioni locali e regionali a sottoscrivere un accordo con l\u2019obiettivo di sviluppare e coordinare azioni di breve e di lungo periodo per migliorare la qualit\u00e0 dell\u2019aria nel Bacino padano. L\u2019Accordo di Bacino identifica i principali settori su cui agiranno le azioni: la combustione di biomasse, il trasporto di beni e passeggeri, il riscaldamento domestico, l\u2019industria e l\u2019energia, l\u2019agricoltura. Tutti i governi regionali sottoscrittori dell\u2019Accordo hanno inoltre un proprio Piano di qualit\u00e0 dell\u2019aria.<br \/>\nIl progetto PREPAIR mira ad implementare le misure previste dai piani regionali e dall\u2019Accordo di Bacino su scala maggiore e a rafforzarne la sostenibilit\u00e0 e la durabilit\u00e0 dei risultati: il progetto copre la valle del Po e le regioni e le citt\u00e0 che influenzano maggiormente la qualit\u00e0 dell\u2019aria nel bacino. Le azioni di progetto si estendono anche alla Slovenia con lo scopo di valutare e ridurre il trasporto di inquinanti anche oltre il mare Adriatico.<br \/>\nIl progetto ha una durata di<strong> 7 anni, dal 1 febbraio 2017 al 31 gennaio 2024 <\/strong>(prorogato fino al<strong> 31 dicembre 2024<\/strong>).<br \/>\nIl budget totale \u00e8 di <strong>\u20ac 16.805.939<\/strong> con un co-finanziamento europeo di <strong>\u20ac 9.974.624.<\/strong><br \/>\nIl progetto \u00e8 guidato dalla <strong>Regione Emilia Romagna<\/strong>, Direzione Generale cura del territorio e dell\u2019ambiente, e coinvolge <strong>17 partner.<\/strong><\/p>\n<\/div><\/section>\n<div  class='av-social-sharing-box av-9o66y-34e7c31e88ce400bdc37465541c49280 av-social-sharing-box-minimal  avia-builder-el-3  el_after_av_textblock  avia-builder-el-last  av-social-sharing-box-fullwidth'><div class=\"av-share-box\"><ul class=\"av-share-box-list noLightbox\"><li class='av-share-link av-social-link-facebook' ><a target=\"_blank\" aria-label=\"Condividi su Facebook\" href='https:\/\/www.facebook.com\/sharer.php?u=https:\/\/www.lifeprepair.eu\/index.php\/progetto\/&#038;t=PROGETTO' aria-hidden='false' data-av_icon='\ue8f3' data-av_iconfont='entypo-fontello' title='' data-avia-related-tooltip='Condividi su Facebook' rel=\"noopener\"><span class='avia_hidden_link_text'>Condividi su Facebook<\/span><\/a><\/li><li class='av-share-link av-social-link-twitter' ><a target=\"_blank\" aria-label=\"Condividi su Twitter\" href='https:\/\/twitter.com\/share?text=PROGETTO&#038;url=https:\/\/www.lifeprepair.eu\/?p=4314' aria-hidden='false' data-av_icon='\ue8f1' data-av_iconfont='entypo-fontello' title='' data-avia-related-tooltip='Condividi su Twitter' rel=\"noopener\"><span class='avia_hidden_link_text'>Condividi su Twitter<\/span><\/a><\/li><li class='av-share-link av-social-link-linkedin' ><a target=\"_blank\" aria-label=\"Condividi su LinkedIn\" href='https:\/\/linkedin.com\/shareArticle?mini=true&#038;title=PROGETTO&#038;url=https:\/\/www.lifeprepair.eu\/index.php\/progetto\/' aria-hidden='false' data-av_icon='\ue8fc' data-av_iconfont='entypo-fontello' title='' data-avia-related-tooltip='Condividi su LinkedIn' rel=\"noopener\"><span class='avia_hidden_link_text'>Condividi su LinkedIn<\/span><\/a><\/li><\/ul><\/div><\/div>\n","protected":false},"excerpt":{"rendered":"","protected":false},"author":1,"featured_media":0,"parent":0,"menu_order":0,"comment_status":"closed","ping_status":"closed","template":"","meta":[],"_links":{"self":[{"href":"https:\/\/www.lifeprepair.eu\/index.php\/wp-json\/wp\/v2\/pages\/4314"}],"collection":[{"href":"https:\/\/www.lifeprepair.eu\/index.php\/wp-json\/wp\/v2\/pages"}],"about":[{"href":"https:\/\/www.lifeprepair.eu\/index.php\/wp-json\/wp\/v2\/types\/page"}],"author":[{"embeddable":true,"href":"https:\/\/www.lifeprepair.eu\/index.php\/wp-json\/wp\/v2\/users\/1"}],"replies":[{"embeddable":true,"href":"https:\/\/www.lifeprepair.eu\/index.php\/wp-json\/wp\/v2\/comments?post=4314"}],"version-history":[{"count":9,"href":"https:\/\/www.lifeprepair.eu\/index.php\/wp-json\/wp\/v2\/pages\/4314\/revisions"}],"predecessor-version":[{"id":14567,"href":"https:\/\/www.lifeprepair.eu\/index.php\/wp-json\/wp\/v2\/pages\/4314\/revisions\/14567"}],"wp:attachment":[{"href":"https:\/\/www.lifeprepair.eu\/index.php\/wp-json\/wp\/v2\/media?parent=4314"}],"curies":[{"name":"wp","href":"https:\/\/api.w.org\/{rel}","templated":true}]}}